{"id":1199,"date":"2021-10-13T05:27:23","date_gmt":"2021-10-13T05:27:23","guid":{"rendered":"https:\/\/weekwise.com\/?page_id=1199"},"modified":"2023-01-22T22:18:34","modified_gmt":"2023-01-22T22:18:34","slug":"imprint","status":"publish","type":"page","link":"https:\/\/weekwise.com\/cs\/imprint\/","title":{"rendered":"Imprint"},"content":{"rendered":"<div data-elementor-type=\"wp-page\" data-elementor-id=\"1199\" class=\"elementor elementor-1199\" data-elementor-post-type=\"page\">\n\t\t\t\t\t\t<section class=\"elementor-section elementor-top-section elementor-element elementor-element-97b0402 elementor-section-boxed elementor-section-height-default elementor-section-height-default\" data-id=\"97b0402\" data-element_type=\"section\">\n\t\t\t\t\t\t<div class=\"elementor-container elementor-column-gap-default\">\n\t\t\t\t\t<div class=\"elementor-column elementor-col-100 elementor-top-column elementor-element elementor-element-ef1cd1b\" data-id=\"ef1cd1b\" data-element_type=\"column\">\n\t\t\t<div class=\"elementor-widget-wrap elementor-element-populated\">\n\t\t\t\t\t\t<div class=\"elementor-element elementor-element-0ac01c8 elementor-widget elementor-widget-heading\" data-id=\"0ac01c8\" data-element_type=\"widget\" data-widget_type=\"heading.default\">\n\t\t\t\t<div class=\"elementor-widget-container\">\n\t\t\t\t\t<h2 class=\"elementor-heading-title elementor-size-default\">Imprint<\/h2>\t\t\t\t<\/div>\n\t\t\t\t<\/div>\n\t\t\t\t<div class=\"elementor-element elementor-element-773ce92 elementor-widget elementor-widget-text-editor\" data-id=\"773ce92\" data-element_type=\"widget\" data-widget_type=\"text-editor.default\">\n\t\t\t\t<div class=\"elementor-widget-container\">\n\t\t\t\t\t\t\t\t\t<p style=\"color: #666666; font-family: Proxima, thin, sans-serif; font-size: 18px;\"><span style=\"font-weight: bolder;\">Weekwise&nbsp;<\/span><\/p>\n<p style=\"color: #666666; font-family: Proxima, thin, sans-serif; font-size: 18px;\"><span style=\"font-weight: bolder;\">vyv\u00edj\u00ed Blocshop, s.r.o.<\/span><\/p>\n<p><span style=\"color: #666666; font-family: Proxima, thin, sans-serif;\"><span style=\"font-size: 18px;\">M\u00e1nesova 1178\/49, Vinohrady,&nbsp;<br><\/span><\/span><span style=\"font-size: 18px; color: #666666; font-family: Proxima, thin, sans-serif;\">120 00 Praha 2<br>\u010cesk\u00e1 republika, EU&nbsp;<\/span><\/p>\n<p><span style=\"font-size: 18px; color: #666666; font-family: Proxima, thin, sans-serif;\">I\u010c:&nbsp;<\/span><font color=\"#666666\" face=\"Proxima, thin, sans-serif\"><span style=\"font-size: 18px;\">24253031<\/span><br><span style=\"font-size: 18px;\">I\u010c DPH: CZ24253031<\/span><br><\/font><\/p>\n<p style=\"color: #666666; font-family: Proxima, thin, sans-serif; font-size: 18px;\">E-mail: <a href=\"mailto:info@blocshop.io\">info@blocshop.io<\/a><\/p>\n<p style=\"color: #666666; font-family: Proxima, thin, sans-serif; font-size: 18px;\">S\u00eddlo: Praha<\/p>\n<p style=\"\"><font color=\"#666666\" face=\"Proxima, thin, sans-serif\"><span style=\"font-size: 18px;\">Zaps\u00e1no v obchodn\u00edm rejst\u0159\u00edku <br>veden\u00e9 M\u011bstsk\u00fdm soudem v Praze, odd\u00edl C, vlo\u017eka 197677.<\/span><\/font><br><\/p>\t\t\t\t\t\t\t\t<\/div>\n\t\t\t\t<\/div>\n\t\t\t\t\t<\/div>\n\t\t<\/div>\n\t\t\t\t\t<\/div>\n\t\t<\/section>\n\t\t\t\t<section class=\"elementor-section elementor-top-section elementor-element elementor-element-d608148 elementor-section-boxed elementor-section-height-default elementor-section-height-default\" data-id=\"d608148\" data-element_type=\"section\">\n\t\t\t\t\t\t<div class=\"elementor-container elementor-column-gap-default\">\n\t\t\t\t\t<div class=\"elementor-column elementor-col-100 elementor-top-column elementor-element elementor-element-2325136\" data-id=\"2325136\" data-element_type=\"column\">\n\t\t\t<div class=\"elementor-widget-wrap elementor-element-populated\">\n\t\t\t\t\t\t<div class=\"elementor-element elementor-element-9f2bbdf elementor-widget elementor-widget-image\" data-id=\"9f2bbdf\" data-element_type=\"widget\" data-widget_type=\"image.default\">\n\t\t\t\t<div class=\"elementor-widget-container\">\n\t\t\t\t\t\t\t\t\t\t\t\t\t\t\t<img fetchpriority=\"high\" decoding=\"async\" width=\"683\" height=\"409\" src=\"https:\/\/weekwise.com\/wp-content\/uploads\/2023\/01\/Group-74.png\" class=\"attachment-large size-large wp-image-2604\" alt=\"Weekwise Resource Management Tool For Agencies\" srcset=\"https:\/\/weekwise.com\/wp-content\/uploads\/2023\/01\/Group-74.png 683w, https:\/\/weekwise.com\/wp-content\/uploads\/2023\/01\/Group-74-300x180.png 300w\" sizes=\"(max-width: 683px) 100vw, 683px\" \/>\t\t\t\t\t\t\t\t\t\t\t\t\t\t\t<\/div>\n\t\t\t\t<\/div>\n\t\t\t\t\t<\/div>\n\t\t<\/div>\n\t\t\t\t\t<\/div>\n\t\t<\/section>\n\t\t\t\t<\/div>","protected":false},"excerpt":{"rendered":"<p>Imprint Weekwise&nbsp; by Blocshop, s.r.o. M\u00e1nesova 1178\/49, Vinohrady,&nbsp; 120 00 Prague 2 Czech Republic, EU&nbsp; Company ID:&nbsp;24253031 VAT: CZ24253031 Email: info@blocshop.io HQ: Prague Registered with the Commercial Register kept by the Municipal Court in Prague, Section C, Insert 197677.<\/p>","protected":false},"author":1,"featured_media":0,"parent":0,"menu_order":0,"comment_status":"closed","ping_status":"closed","template":"","meta":{"footnotes":""},"class_list":["post-1199","page","type-page","status-publish","hentry"],"yoast_head":"<!-- This site is optimized with the Yoast SEO plugin v26.9 - https:\/\/yoast.com\/product\/yoast-seo-wordpress\/ -->\n<title>Imprint - Weekwise Resource Management Tool<\/title>\n<meta name=\"description\" content=\"Read the Imprint of Weekwise, the resource management tool for agencies and high-performing teams. Free of charge for small projects.\" \/>\n<meta name=\"robots\" content=\"index, follow, max-snippet:-1, max-image-preview:large, max-video-preview:-1\" \/>\n<link rel=\"canonical\" href=\"https:\/\/weekwise.com\/cs\/imprint\/\" \/>\n<meta property=\"og:locale\" content=\"cs_CZ\" \/>\n<meta property=\"og:type\" content=\"article\" \/>\n<meta property=\"og:title\" content=\"Imprint - Weekwise Resource Management Tool\" \/>\n<meta property=\"og:description\" content=\"Read the Imprint of Weekwise, the resource management tool for agencies and high-performing teams. Free of charge for small projects.\" \/>\n<meta property=\"og:url\" content=\"https:\/\/weekwise.com\/cs\/imprint\/\" \/>\n<meta property=\"og:site_name\" content=\"Weekwise\" \/>\n<meta property=\"article:modified_time\" content=\"2023-01-22T22:18:34+00:00\" \/>\n<meta property=\"og:image\" content=\"https:\/\/weekwise.com\/wp-content\/uploads\/2023\/01\/Group-74.png\" \/>\n<meta name=\"twitter:card\" content=\"summary_large_image\" \/>\n<meta name=\"twitter:label1\" content=\"Odhadovan\u00e1 doba \u010dten\u00ed\" \/>\n\t<meta name=\"twitter:data1\" content=\"1 minuta\" \/>\n<script type=\"application\/ld+json\" class=\"yoast-schema-graph\">{\"@context\":\"https:\/\/schema.org\",\"@graph\":[{\"@type\":\"WebPage\",\"@id\":\"https:\/\/weekwise.com\/imprint\/\",\"url\":\"https:\/\/weekwise.com\/imprint\/\",\"name\":\"Imprint - Weekwise Resource Management Tool\",\"isPartOf\":{\"@id\":\"https:\/\/weekwise.com\/#website\"},\"primaryImageOfPage\":{\"@id\":\"https:\/\/weekwise.com\/imprint\/#primaryimage\"},\"image\":{\"@id\":\"https:\/\/weekwise.com\/imprint\/#primaryimage\"},\"thumbnailUrl\":\"https:\/\/weekwise.com\/wp-content\/uploads\/2023\/01\/Group-74.png\",\"datePublished\":\"2021-10-13T05:27:23+00:00\",\"dateModified\":\"2023-01-22T22:18:34+00:00\",\"description\":\"Read the Imprint of Weekwise, the resource management tool for agencies and high-performing teams. Free of charge for small projects.\",\"breadcrumb\":{\"@id\":\"https:\/\/weekwise.com\/imprint\/#breadcrumb\"},\"inLanguage\":\"cs\",\"potentialAction\":[{\"@type\":\"ReadAction\",\"target\":[\"https:\/\/weekwise.com\/imprint\/\"]}]},{\"@type\":\"ImageObject\",\"inLanguage\":\"cs\",\"@id\":\"https:\/\/weekwise.com\/imprint\/#primaryimage\",\"url\":\"https:\/\/weekwise.com\/wp-content\/uploads\/2023\/01\/Group-74.png\",\"contentUrl\":\"https:\/\/weekwise.com\/wp-content\/uploads\/2023\/01\/Group-74.png\"},{\"@type\":\"BreadcrumbList\",\"@id\":\"https:\/\/weekwise.com\/imprint\/#breadcrumb\",\"itemListElement\":[{\"@type\":\"ListItem\",\"position\":1,\"name\":\"Home\",\"item\":\"https:\/\/weekwise.com\/\"},{\"@type\":\"ListItem\",\"position\":2,\"name\":\"Imprint\"}]},{\"@type\":\"WebSite\",\"@id\":\"https:\/\/weekwise.com\/#website\",\"url\":\"https:\/\/weekwise.com\/\",\"name\":\"Weekwise\",\"description\":\"Resource Allocation Tool for Agencies\",\"publisher\":{\"@id\":\"https:\/\/weekwise.com\/#organization\"},\"potentialAction\":[{\"@type\":\"SearchAction\",\"target\":{\"@type\":\"EntryPoint\",\"urlTemplate\":\"https:\/\/weekwise.com\/?s={search_term_string}\"},\"query-input\":{\"@type\":\"PropertyValueSpecification\",\"valueRequired\":true,\"valueName\":\"search_term_string\"}}],\"inLanguage\":\"cs\"},{\"@type\":\"Organization\",\"@id\":\"https:\/\/weekwise.com\/#organization\",\"name\":\"Blocshop\",\"url\":\"https:\/\/weekwise.com\/\",\"logo\":{\"@type\":\"ImageObject\",\"inLanguage\":\"cs\",\"@id\":\"https:\/\/weekwise.com\/#\/schema\/logo\/image\/\",\"url\":\"https:\/\/weekwise.com\/wp-content\/uploads\/2021\/09\/WeekWise_-logo_dark.svg\",\"contentUrl\":\"https:\/\/weekwise.com\/wp-content\/uploads\/2021\/09\/WeekWise_-logo_dark.svg\",\"width\":56,\"height\":40,\"caption\":\"Blocshop\"},\"image\":{\"@id\":\"https:\/\/weekwise.com\/#\/schema\/logo\/image\/\"}}]}<\/script>\n<!-- \/ Yoast SEO plugin. -->","yoast_head_json":{"title":"Imprint - Weekwise Resource Management Tool","description":"Read the Imprint of Weekwise, the resource management tool for agencies and high-performing teams. Free of charge for small projects.","robots":{"index":"index","follow":"follow","max-snippet":"max-snippet:-1","max-image-preview":"max-image-preview:large","max-video-preview":"max-video-preview:-1"},"canonical":"https:\/\/weekwise.com\/cs\/imprint\/","og_locale":"cs_CZ","og_type":"article","og_title":"Imprint - Weekwise Resource Management Tool","og_description":"Read the Imprint of Weekwise, the resource management tool for agencies and high-performing teams. Free of charge for small projects.","og_url":"https:\/\/weekwise.com\/cs\/imprint\/","og_site_name":"Weekwise","article_modified_time":"2023-01-22T22:18:34+00:00","og_image":[{"url":"https:\/\/weekwise.com\/wp-content\/uploads\/2023\/01\/Group-74.png","type":"","width":"","height":""}],"twitter_card":"summary_large_image","twitter_misc":{"Odhadovan\u00e1 doba \u010dten\u00ed":"1 minuta"},"schema":{"@context":"https:\/\/schema.org","@graph":[{"@type":"WebPage","@id":"https:\/\/weekwise.com\/imprint\/","url":"https:\/\/weekwise.com\/imprint\/","name":"Imprint - Weekwise Resource Management Tool","isPartOf":{"@id":"https:\/\/weekwise.com\/#website"},"primaryImageOfPage":{"@id":"https:\/\/weekwise.com\/imprint\/#primaryimage"},"image":{"@id":"https:\/\/weekwise.com\/imprint\/#primaryimage"},"thumbnailUrl":"https:\/\/weekwise.com\/wp-content\/uploads\/2023\/01\/Group-74.png","datePublished":"2021-10-13T05:27:23+00:00","dateModified":"2023-01-22T22:18:34+00:00","description":"Read the Imprint of Weekwise, the resource management tool for agencies and high-performing teams. Free of charge for small projects.","breadcrumb":{"@id":"https:\/\/weekwise.com\/imprint\/#breadcrumb"},"inLanguage":"cs","potentialAction":[{"@type":"ReadAction","target":["https:\/\/weekwise.com\/imprint\/"]}]},{"@type":"ImageObject","inLanguage":"cs","@id":"https:\/\/weekwise.com\/imprint\/#primaryimage","url":"https:\/\/weekwise.com\/wp-content\/uploads\/2023\/01\/Group-74.png","contentUrl":"https:\/\/weekwise.com\/wp-content\/uploads\/2023\/01\/Group-74.png"},{"@type":"BreadcrumbList","@id":"https:\/\/weekwise.com\/imprint\/#breadcrumb","itemListElement":[{"@type":"ListItem","position":1,"name":"Home","item":"https:\/\/weekwise.com\/"},{"@type":"ListItem","position":2,"name":"Imprint"}]},{"@type":"WebSite","@id":"https:\/\/weekwise.com\/#website","url":"https:\/\/weekwise.com\/","name":"Weekwise","description":"Resource Allocation Tool for Agencies","publisher":{"@id":"https:\/\/weekwise.com\/#organization"},"potentialAction":[{"@type":"SearchAction","target":{"@type":"EntryPoint","urlTemplate":"https:\/\/weekwise.com\/?s={search_term_string}"},"query-input":{"@type":"PropertyValueSpecification","valueRequired":true,"valueName":"search_term_string"}}],"inLanguage":"cs"},{"@type":"Organization","@id":"https:\/\/weekwise.com\/#organization","name":"Blocshop","url":"https:\/\/weekwise.com\/","logo":{"@type":"ImageObject","inLanguage":"cs","@id":"https:\/\/weekwise.com\/#\/schema\/logo\/image\/","url":"https:\/\/weekwise.com\/wp-content\/uploads\/2021\/09\/WeekWise_-logo_dark.svg","contentUrl":"https:\/\/weekwise.com\/wp-content\/uploads\/2021\/09\/WeekWise_-logo_dark.svg","width":56,"height":40,"caption":"Blocshop"},"image":{"@id":"https:\/\/weekwise.com\/#\/schema\/logo\/image\/"}}]}},"_links":{"self":[{"href":"https:\/\/weekwise.com\/cs\/wp-json\/wp\/v2\/pages\/1199","targetHints":{"allow":["GET"]}}],"collection":[{"href":"https:\/\/weekwise.com\/cs\/wp-json\/wp\/v2\/pages"}],"about":[{"href":"https:\/\/weekwise.com\/cs\/wp-json\/wp\/v2\/types\/page"}],"author":[{"embeddable":true,"href":"https:\/\/weekwise.com\/cs\/wp-json\/wp\/v2\/users\/1"}],"replies":[{"embeddable":true,"href":"https:\/\/weekwise.com\/cs\/wp-json\/wp\/v2\/comments?post=1199"}],"version-history":[{"count":18,"href":"https:\/\/weekwise.com\/cs\/wp-json\/wp\/v2\/pages\/1199\/revisions"}],"predecessor-version":[{"id":2669,"href":"https:\/\/weekwise.com\/cs\/wp-json\/wp\/v2\/pages\/1199\/revisions\/2669"}],"wp:attachment":[{"href":"https:\/\/weekwise.com\/cs\/wp-json\/wp\/v2\/media?parent=1199"}],"curies":[{"name":"wp","href":"https:\/\/api.w.org\/{rel}","templated":true}]}}