{"id":1193,"date":"2021-10-13T05:25:34","date_gmt":"2021-10-13T05:25:34","guid":{"rendered":"https:\/\/weekwise.com\/?page_id=1193"},"modified":"2023-01-31T10:35:05","modified_gmt":"2023-01-31T10:35:05","slug":"cookie-policy","status":"publish","type":"page","link":"https:\/\/weekwise.com\/cs\/cookie-policy\/","title":{"rendered":"Z\u00e1sady pou\u017e\u00edv\u00e1n\u00ed soubor\u016f cookie"},"content":{"rendered":"<div data-elementor-type=\"wp-page\" data-elementor-id=\"1193\" class=\"elementor elementor-1193\" data-elementor-post-type=\"page\">\n\t\t\t\t\t\t<section class=\"elementor-section elementor-top-section elementor-element elementor-element-97b0402 elementor-section-boxed elementor-section-height-default elementor-section-height-default\" data-id=\"97b0402\" data-element_type=\"section\">\n\t\t\t\t\t\t<div class=\"elementor-container elementor-column-gap-default\">\n\t\t\t\t\t<div class=\"elementor-column elementor-col-100 elementor-top-column elementor-element elementor-element-ef1cd1b\" data-id=\"ef1cd1b\" data-element_type=\"column\">\n\t\t\t<div class=\"elementor-widget-wrap elementor-element-populated\">\n\t\t\t\t\t\t<div class=\"elementor-element elementor-element-0ac01c8 elementor-widget elementor-widget-heading\" data-id=\"0ac01c8\" data-element_type=\"widget\" data-widget_type=\"heading.default\">\n\t\t\t\t<div class=\"elementor-widget-container\">\n\t\t\t\t\t<h2 class=\"elementor-heading-title elementor-size-default\">Z\u00e1sady pou\u017e\u00edv\u00e1n\u00ed soubor\u016f cookie<\/h2>\t\t\t\t<\/div>\n\t\t\t\t<\/div>\n\t\t\t\t<div class=\"elementor-element elementor-element-773ce92 elementor-widget elementor-widget-text-editor\" data-id=\"773ce92\" data-element_type=\"widget\" data-widget_type=\"text-editor.default\">\n\t\t\t\t<div class=\"elementor-widget-container\">\n\t\t\t\t\t\t\t\t\t<p>Z\u00e1sady pou\u017e\u00edv\u00e1n\u00ed soubor\u016f cookie aplikace Weekwise, n\u00e1stroje pro spr\u00e1vu zdroj\u016f pro agentury a vysoce v\u00fdkonn\u00e9 t\u00fdmy.<\/p><p><span data-contrast=\"auto\">Posledn\u00ed aktualizace t\u011bchto z\u00e1sad pou\u017e\u00edv\u00e1n\u00ed soubor\u016f cookie: 25. ledna<\/span><span data-contrast=\"auto\">,<\/span><span data-contrast=\"auto\">2022. Aktualizace se vztahuje na ob\u010dany a osoby s trval\u00fdm pobytem v Evropsk\u00e9m hospod\u00e1\u0159sk\u00e9m prostoru.<\/span><span data-ccp-props=\"{\">\u00a0<\/span><\/p><h3><b><span data-contrast=\"auto\">1. \u00davod<\/span><\/b><\/h3><p><span data-contrast=\"auto\">Na\u0161e webov\u00e9 str\u00e1nky https:\/\/www.weekwise.com (d\u00e1le jen \"webov\u00e9 str\u00e1nky\") pou\u017e\u00edvaj\u00ed soubory cookie (t\u0159et\u00edch stran) a dal\u0161\u00ed souvisej\u00edc\u00ed technologie (v\u0161echny technologie jsou pro zjednodu\u0161en\u00ed ozna\u010dov\u00e1ny jako \"soubory cookie\").\u00a0<\/span><span data-ccp-props=\"{\">\u00a0<\/span><\/p><p><span data-contrast=\"auto\">Tento dokument popisuje pou\u017e\u00edv\u00e1n\u00ed soubor\u016f cookie na na\u0161ich webov\u00fdch str\u00e1nk\u00e1ch.<\/span><span data-ccp-props=\"{\">\u00a0<\/span><\/p><h3><span data-contrast=\"auto\"><strong>2.<\/strong> <\/span><b><span data-contrast=\"auto\">Co jsou to soubory cookie?<\/span><\/b><\/h3><p><span data-contrast=\"auto\">Soubor cookie je mal\u00fd soubor odeslan\u00fd spolu se str\u00e1nkami webu a ulo\u017een\u00fd prohl\u00ed\u017ee\u010dem na pevn\u00e9m disku va\u0161eho po\u010d\u00edta\u010de nebo jin\u00e9ho za\u0159\u00edzen\u00ed. Informace v n\u011bm ulo\u017een\u00e9 mohou b\u00fdt p\u0159i dal\u0161\u00ed n\u00e1v\u0161t\u011bv\u011b vr\u00e1ceny na na\u0161e servery nebo na servery p\u0159\u00edslu\u0161n\u00fdch t\u0159et\u00edch stran.<\/span><span data-ccp-props=\"{\">\u00a0<\/span><\/p><h3><span data-contrast=\"auto\"><strong>3.<\/strong> <\/span><b><span data-contrast=\"auto\">Co jsou to skripty?<\/span><\/b><\/h3><p><span data-contrast=\"auto\">Skript je \u010d\u00e1st programov\u00e9ho k\u00f3du, kter\u00fd pou\u017e\u00edv\u00e1me ke spr\u00e1vn\u00e9mu a interaktivn\u00edmu fungov\u00e1n\u00ed na\u0161ich webov\u00fdch str\u00e1nek. Tento k\u00f3d spou\u0161t\u00edme na na\u0161em serveru nebo ve va\u0161em za\u0159\u00edzen\u00ed.<\/span><span data-ccp-props=\"{\">\u00a0<\/span><\/p><h3><strong>4. <\/strong><b><span data-contrast=\"auto\">Co je to pixelov\u00fd tag?<\/span><\/b><\/h3><p><span data-contrast=\"auto\">Pixelov\u00fd tag je mal\u00fd, neviditeln\u00fd kousek textu nebo obr\u00e1zku na webov\u00e9 str\u00e1nce, kter\u00fd pou\u017e\u00edv\u00e1me ke sledov\u00e1n\u00ed n\u00e1v\u0161t\u011bvnosti webov\u00fdch str\u00e1nek. Abychom toho byli schopni, ukl\u00e1d\u00e1me\u00a0<\/span><span style=\"font-size: 1rem;\">o v\u00e1s r\u016fzn\u00e9 \u00fadaje<\/span><span style=\"font-size: 1rem;\" data-contrast=\"auto\">\u00a0pomoc\u00ed pixelov\u00fdch tag\u016f.<\/span><span style=\"font-size: 1rem;\" data-ccp-props=\"{\">\u00a0<\/span><\/p><h3><strong>5. Soubory cookie<\/strong><\/h3><p><b><em>5.1 Technick\u00e9\/funk\u010dn\u00ed soubory cookie<\/em><span data-ccp-props=\"{\">\u00a0<\/span><\/b><\/p><p><span data-contrast=\"auto\">Existuj\u00ed soubory cookie, kter\u00e9 v\u00e1m usnad\u0148uj\u00ed n\u00e1v\u0161t\u011bvu na\u0161ich webov\u00fdch str\u00e1nek - funk\u010dn\u00ed soubory cookie. Zaji\u0161\u0165uj\u00ed spr\u00e1vn\u00e9 fungov\u00e1n\u00ed ur\u010dit\u00fdch \u010d\u00e1st\u00ed webov\u00fdch str\u00e1nek a zachov\u00e1n\u00ed va\u0161ich u\u017eivatelsk\u00fdch preferenc\u00ed. D\u00edky tomu nemus\u00edte p\u0159i n\u00e1v\u0161t\u011bv\u011b na\u0161ich webov\u00fdch str\u00e1nek opakovan\u011b zad\u00e1vat stejn\u00e9 \u00fadaje. Tyto soubory cookie m\u016f\u017eeme um\u00edstit bez va\u0161eho souhlasu.<\/span><span data-ccp-props=\"{\">\u00a0<\/span><\/p><p><em><b>5.2 Marketingov\u00e9\/sledovac\u00ed soubory cookie\u00a0<\/b><\/em><\/p><p><span data-contrast=\"auto\">\u00da\u010delem marketingov\u00fdch\/sledovac\u00edch soubor\u016f cookie je profilov\u00e1n\u00ed u\u017eivatel\u016f za \u00fa\u010delem zobrazov\u00e1n\u00ed p\u0159izp\u016fsoben\u00e9 reklamy a\/nebo sledov\u00e1n\u00ed u\u017eivatel\u016f na webov\u00fdch str\u00e1nk\u00e1ch nebo na v\u00edce webov\u00fdch str\u00e1nk\u00e1ch.<\/span><span data-ccp-props=\"{\">\u00a0<\/span><\/p><p><em><b>5.3 Tla\u010d\u00edtka soci\u00e1ln\u00edch s\u00edt\u00ed\u00a0<\/b><\/em><\/p><p><span data-contrast=\"auto\">Na na\u0161e webov\u00e9 str\u00e1nky jsme um\u00edstili tla\u010d\u00edtka pro Facebook, Twitter, LinkedIn a Trustpilot, abychom je mohli propagovat a sd\u00edlet na soci\u00e1ln\u00edch s\u00edt\u00edch. Tato tla\u010d\u00edtka vyu\u017e\u00edvaj\u00ed \u010d\u00e1sti k\u00f3du z p\u0159\u00edslu\u0161n\u00fdch soci\u00e1ln\u00edch m\u00e9di\u00ed, aby mohla spr\u00e1vn\u011b fungovat - a tento k\u00f3d tak\u00e9 umis\u0165uje soubory cookie. Tla\u010d\u00edtka soci\u00e1ln\u00edch m\u00e9di\u00ed mohou tak\u00e9 ukl\u00e1dat a zpracov\u00e1vat ur\u010dit\u00e9 informace, tak\u017ee by v\u00e1m na jejich z\u00e1klad\u011b mohla b\u00fdt zobrazov\u00e1na personalizovan\u00e1 reklama.<\/span><span data-ccp-props=\"{\">\u00a0<\/span><\/p><p><span data-contrast=\"auto\">V prohl\u00e1\u0161en\u00ed o ochran\u011b osobn\u00edch \u00fadaj\u016f t\u011bchto soci\u00e1ln\u00edch s\u00edt\u00ed (kter\u00e9 se pravideln\u011b m\u011bn\u00ed) se do\u010dtete, jak nakl\u00e1daj\u00ed s va\u0161imi osobn\u00edmi \u00fadaji, kter\u00e9 zpracov\u00e1vaj\u00ed prost\u0159ednictv\u00edm v\u00fd\u0161e uveden\u00fdch soubor\u016f cookie. Z\u00edskan\u00e9 \u00fadaje jsou anonymizov\u00e1ny.\u00a0<\/span><span data-ccp-props=\"{\">\u00a0<\/span><\/p><p><span data-contrast=\"auto\">\u00a0<\/span><span data-ccp-props=\"{\">\u00a0<\/span><\/p><h3><b><span data-contrast=\"auto\">6. Soubory cookie, kter\u00e9 pou\u017e\u00edv\u00e1me<\/span><\/b><span data-ccp-props=\"{\">\u00a0<\/span><\/h3><ul><li><i><span data-contrast=\"auto\">Elementor<\/span><\/i><span data-ccp-props=\"{\"> <br \/><\/span>Statistick\u00e9 \u00fadaje (anonymn\u00ed)<span data-ccp-props=\"{\">\u00a0<\/span><\/li><\/ul><p><span data-contrast=\"auto\">\u00a0<\/span><span data-ccp-props=\"{\">\u00a0<\/span><\/p><ul><li><i><span data-contrast=\"auto\">Google Analytics<\/span><\/i><span data-ccp-props=\"{\"> <br \/><\/span>Statistick\u00e9 \u00fadaje (anonymn\u00ed)<span data-ccp-props=\"{\">\u00a0<\/span><\/li><\/ul><p><span data-contrast=\"auto\">\u00a0\u00a0<\/span><span data-ccp-props=\"{\">\u00a0<\/span><\/p><ul><li><i><span data-contrast=\"auto\">Facebook<\/span><\/i><span data-ccp-props=\"{\"> <br \/><\/span>Marketing\/sledov\u00e1n\u00ed, funk\u010dn\u00ed<span data-ccp-props=\"{\">\u00a0<\/span><\/li><\/ul><p><span data-contrast=\"auto\">\u00a0<\/span><span data-ccp-props=\"{\">\u00a0<\/span><\/p><ul><li><i><span data-contrast=\"auto\">Twitter<\/span><\/i><span data-ccp-props=\"{\"> <br \/><\/span>Marketing\/sledov\u00e1n\u00ed, funk\u010dn\u00ed<span data-ccp-props=\"{\">\u00a0<\/span><\/li><\/ul><p><span data-contrast=\"auto\">\u00a0<\/span><span data-ccp-props=\"{\">\u00a0<\/span><\/p><ul><li><i><span data-contrast=\"auto\">LinkedIn<\/span><\/i><span data-ccp-props=\"{\"> <br \/><\/span>Marketing\/sledov\u00e1n\u00ed, funk\u010dn\u00ed<span data-ccp-props=\"{\">\u00a0<\/span><\/li><\/ul><p><span data-ccp-props=\"{\">\u00a0<\/span><\/p><ul><li><i><span data-contrast=\"auto\">Google reCAPTCHA<\/span><\/i><span data-ccp-props=\"{\"> <br \/><\/span>Marketing\/sledov\u00e1n\u00ed, funk\u010dn\u00ed<span data-ccp-props=\"{\">\u00a0<\/span><\/li><\/ul><p><span data-contrast=\"auto\">\u00a0<\/span><span data-ccp-props=\"{\">\u00a0<\/span><\/p><ul><li><i><span data-contrast=\"auto\">GDPR Cookie Consent<\/span><\/i><span data-ccp-props=\"{\"> <br \/><\/span>Funk\u010dn\u00ed\u00a0<p>\u00a0<\/p><\/li><\/ul><h3><strong>7. Souhlas<\/strong><\/h3><p>P\u0159i prvn\u00ed n\u00e1v\u0161t\u011bv\u011b webov\u00fdch str\u00e1nek se zobraz\u00ed li\u0161ta se soubory cookie, kde m\u016f\u017eete spravovat nastaven\u00ed soubor\u016f cookie. Kliknut\u00edm na tla\u010d\u00edtko \"P\u0159ijmout v\u0161e\" n\u00e1m d\u00e1v\u00e1te souhlas s pou\u017e\u00edv\u00e1n\u00edm v\u00e1mi vybran\u00fdch kategori\u00ed soubor\u016f cookie, jak je pops\u00e1no v t\u011bchto Z\u00e1sad\u00e1ch pou\u017e\u00edv\u00e1n\u00ed soubor\u016f cookie. Pou\u017e\u00edv\u00e1n\u00ed soubor\u016f cookie m\u016f\u017eete prost\u0159ednictv\u00edm sv\u00e9ho prohl\u00ed\u017ee\u010de zak\u00e1zat, ale m\u011bjte na pam\u011bti, \u017ee na\u0161e webov\u00e9 str\u00e1nky ji\u017e nemus\u00ed fungovat spr\u00e1vn\u011b.<\/p><p><em>7.1 Spr\u00e1va nastaven\u00ed souhlasu<\/em><\/p><ul><li>Funk\u010dn\u00ed<\/li><li>Marketing<\/li><\/ul><h3><strong>8. Va\u0161e pr\u00e1va t\u00fdkaj\u00edc\u00ed se osobn\u00edch \u00fadaj\u016f<\/strong><\/h3><p>Pokud jde o va\u0161e osobn\u00ed \u00fadaje, m\u00e1te n\u00e1sleduj\u00edc\u00ed pr\u00e1va:<\/p><ul><li>Pr\u00e1vo v\u011bd\u011bt, pro\u010d va\u0161e osobn\u00ed \u00fadaje pot\u0159ebujeme, co se s nimi stane a jak dlouho je budeme uchov\u00e1vat.<\/li><li>Pr\u00e1vo na p\u0159\u00edstup: M\u00e1te pr\u00e1vo na p\u0159\u00edstup ke sv\u00fdm osobn\u00edm \u00fadaj\u016fm (kter\u00e9 jsou n\u00e1m zn\u00e1my).<\/li><li>Pr\u00e1vo na opravu: m\u00e1te pr\u00e1vo sv\u00e9 osobn\u00ed \u00fadaje kdykoli doplnit, opravit, nechat vymazat nebo zablokovat.<\/li><li>Pokud n\u00e1m ud\u011bl\u00edte souhlas se zpracov\u00e1n\u00edm va\u0161ich \u00fadaj\u016f, m\u00e1te pr\u00e1vo tento souhlas odvolat a po\u017eadovat vymaz\u00e1n\u00ed va\u0161ich osobn\u00edch \u00fadaj\u016f.<\/li><li>Pr\u00e1vo na p\u0159enos va\u0161ich \u00fadaj\u016f: M\u00e1te pr\u00e1vo vy\u017e\u00e1dat si od n\u00e1s (spr\u00e1vce) v\u0161echny va\u0161e osobn\u00ed \u00fadaje a p\u0159edat je v pln\u00e9m rozsahu jin\u00e9mu spr\u00e1vci.<\/li><li>Pr\u00e1vo vzn\u00e9st n\u00e1mitku: m\u016f\u017eete vzn\u00e9st n\u00e1mitku proti zpracov\u00e1n\u00ed va\u0161ich \u00fadaj\u016f. Vyhov\u00edme j\u00ed, pokud neexistuj\u00ed opr\u00e1vn\u011bn\u00e9 d\u016fvody pro zpracov\u00e1n\u00ed.<\/li><li>Chcete-li tato pr\u00e1va uplatnit, kontaktujte n\u00e1s (viz kontaktn\u00ed \u00fadaje na konci t\u011bchto Z\u00e1sad pou\u017e\u00edv\u00e1n\u00ed soubor\u016f cookie). Pokud m\u00e1te st\u00ed\u017enost na zp\u016fsob, jak\u00fdm nakl\u00e1d\u00e1me s va\u0161imi \u00fadaji, budeme r\u00e1di, kdy\u017e se n\u00e1m ozvete, ale m\u00e1te tak\u00e9 pr\u00e1vo podat st\u00ed\u017enost dozorov\u00e9mu \u00fa\u0159adu (\u00da\u0159adu pro ochranu osobn\u00edch \u00fadaj\u016f).<\/li><\/ul><h3><strong>9. Povolen\u00ed\/vypnut\u00ed a odstran\u011bn\u00ed soubor\u016f cookie<\/strong><\/h3><p>V internetov\u00e9m prohl\u00ed\u017ee\u010di m\u016f\u017eete soubory cookie automaticky nebo ru\u010dn\u011b odstranit. M\u016f\u017eete tak\u00e9 ur\u010dit, \u017ee n\u011bkter\u00e9 soubory cookie se nesm\u00ed ukl\u00e1dat. Dal\u0161\u00ed mo\u017enost\u00ed je zm\u011bnit nastaven\u00ed internetov\u00e9ho prohl\u00ed\u017ee\u010de tak, abyste p\u0159i ka\u017ed\u00e9m um\u00edst\u011bn\u00ed souboru cookie obdr\u017eeli pouze zpr\u00e1vu. Dal\u0161\u00ed informace o t\u011bchto mo\u017enostech naleznete v pokynech v n\u00e1pov\u011bd\u011b va\u0161eho prohl\u00ed\u017ee\u010de.<\/p><p>POZN\u00c1MKA: Webov\u00e9 str\u00e1nky nemus\u00ed fungovat spr\u00e1vn\u011b, pokud zak\u00e1\u017eete v\u0161echny soubory cookie. Pokud soubory cookie ve sv\u00e9m prohl\u00ed\u017ee\u010di odstran\u00edte, budou po va\u0161em souhlasu p\u0159i dal\u0161\u00ed n\u00e1v\u0161t\u011bv\u011b webov\u00fdch str\u00e1nek znovu um\u00edst\u011bny.<\/p><h3><strong>10. Kontaktn\u00ed \u00fadaje<\/strong><\/h3><p>V p\u0159\u00edpad\u011b dotaz\u016f a\/nebo p\u0159ipom\u00ednek t\u00fdkaj\u00edc\u00edch se z\u00e1sad pou\u017e\u00edv\u00e1n\u00ed soubor\u016f cookie aplikace Weekwise, n\u00e1stroje pro spr\u00e1vu zdroj\u016f a tohoto prohl\u00e1\u0161en\u00ed n\u00e1s pros\u00edm kontaktujte pomoc\u00ed n\u00e1sleduj\u00edc\u00edch \u00fadaj\u016f:<\/p><p><strong>Weekwise - N\u00e1stroj pro spr\u00e1vu zdroj\u016f<\/strong><\/p><p>vyv\u00edj\u00ed Blocshop, s.r.o.<\/p><p>M\u00e1nesova 1178\/49, Vinohrady,<\/p><p>120 00 Praha 2<\/p><p>\u010cesk\u00e1 republika, EU<\/p><p>Website: <b><a href=\"https:\/\/weekwise.com\">https:\/\/www.weekwise.com<\/a>\u00a0<\/b><\/p><p>E-mail: <a href=\"mailto:info@blocshop.io\"><b>info@blocshop.io<\/b><\/a><\/p><p>(viz <a style=\"font-weight: bold;\" href=\"\/imprint\/\">Imprint<\/a>)<\/p>\t\t\t\t\t\t\t\t<\/div>\n\t\t\t\t<\/div>\n\t\t\t\t\t<\/div>\n\t\t<\/div>\n\t\t\t\t\t<\/div>\n\t\t<\/section>\n\t\t\t\t<section class=\"elementor-section elementor-top-section elementor-element elementor-element-e1d183d elementor-section-boxed elementor-section-height-default elementor-section-height-default\" data-id=\"e1d183d\" data-element_type=\"section\">\n\t\t\t\t\t\t<div class=\"elementor-container elementor-column-gap-default\">\n\t\t\t\t\t<div class=\"elementor-column elementor-col-100 elementor-top-column elementor-element elementor-element-bbbce9b\" data-id=\"bbbce9b\" data-element_type=\"column\">\n\t\t\t<div class=\"elementor-widget-wrap elementor-element-populated\">\n\t\t\t\t\t\t<div class=\"elementor-element elementor-element-48e1f8e elementor-widget elementor-widget-image\" data-id=\"48e1f8e\" data-element_type=\"widget\" data-widget_type=\"image.default\">\n\t\t\t\t<div class=\"elementor-widget-container\">\n\t\t\t\t\t\t\t\t\t\t\t\t\t\t\t<img fetchpriority=\"high\" decoding=\"async\" width=\"683\" height=\"409\" src=\"https:\/\/weekwise.com\/wp-content\/uploads\/2023\/01\/Group-74.png\" class=\"attachment-large size-large wp-image-2604\" alt=\"Weekwise Resource Management Tool For Agencies\" srcset=\"https:\/\/weekwise.com\/wp-content\/uploads\/2023\/01\/Group-74.png 683w, https:\/\/weekwise.com\/wp-content\/uploads\/2023\/01\/Group-74-300x180.png 300w\" sizes=\"(max-width: 683px) 100vw, 683px\" \/>\t\t\t\t\t\t\t\t\t\t\t\t\t\t\t<\/div>\n\t\t\t\t<\/div>\n\t\t\t\t\t<\/div>\n\t\t<\/div>\n\t\t\t\t\t<\/div>\n\t\t<\/section>\n\t\t\t\t<\/div>","protected":false},"excerpt":{"rendered":"<p>Cookie Policy Cookie Policy of Weekwise, the resource management tool for agencies and high-performing teams. The last update of this Cookie Policy: on January 25th, 2022. The update applies to citizens and legal permanent residents of the European Economic Area.\u00a0 1. Introduction Our website,\u00a0https:\/\/www.weekwise.com (hereinafter: &#8220;the website&#8221;) uses\u00a0(third-party)\u00a0cookies and other related technologies (all technologies are [&hellip;]<\/p>","protected":false},"author":1,"featured_media":0,"parent":0,"menu_order":0,"comment_status":"closed","ping_status":"closed","template":"","meta":{"footnotes":""},"class_list":["post-1193","page","type-page","status-publish","hentry"],"yoast_head":"<!-- This site is optimized with the Yoast SEO plugin v26.9 - https:\/\/yoast.com\/product\/yoast-seo-wordpress\/ -->\n<title>Cookie Policy - Weekwise Resource Management Tool<\/title>\n<meta name=\"description\" content=\"Cookie Policy of Weekwise, the resource management tool for agencies and teams. Applies to citizens and legal permanent residents of the EEA.\" \/>\n<meta name=\"robots\" content=\"index, follow, max-snippet:-1, max-image-preview:large, max-video-preview:-1\" \/>\n<link rel=\"canonical\" href=\"https:\/\/weekwise.com\/cs\/cookie-policy\/\" \/>\n<meta property=\"og:locale\" content=\"cs_CZ\" \/>\n<meta property=\"og:type\" content=\"article\" \/>\n<meta property=\"og:title\" content=\"Cookie Policy - Weekwise Resource Management Tool\" \/>\n<meta property=\"og:description\" content=\"Cookie Policy of Weekwise, the resource management tool for agencies and teams. Applies to citizens and legal permanent residents of the EEA.\" \/>\n<meta property=\"og:url\" content=\"https:\/\/weekwise.com\/cs\/cookie-policy\/\" \/>\n<meta property=\"og:site_name\" content=\"Weekwise\" \/>\n<meta property=\"article:modified_time\" content=\"2023-01-31T10:35:05+00:00\" \/>\n<meta property=\"og:image\" content=\"https:\/\/weekwise.com\/wp-content\/uploads\/2023\/01\/Group-74.png\" \/>\n<meta name=\"twitter:card\" content=\"summary_large_image\" \/>\n<meta name=\"twitter:label1\" content=\"Odhadovan\u00e1 doba \u010dten\u00ed\" \/>\n\t<meta name=\"twitter:data1\" content=\"4 minuty\" \/>\n<script type=\"application\/ld+json\" class=\"yoast-schema-graph\">{\"@context\":\"https:\/\/schema.org\",\"@graph\":[{\"@type\":\"WebPage\",\"@id\":\"https:\/\/weekwise.com\/cookie-policy\/\",\"url\":\"https:\/\/weekwise.com\/cookie-policy\/\",\"name\":\"Cookie Policy - Weekwise Resource Management Tool\",\"isPartOf\":{\"@id\":\"https:\/\/weekwise.com\/#website\"},\"primaryImageOfPage\":{\"@id\":\"https:\/\/weekwise.com\/cookie-policy\/#primaryimage\"},\"image\":{\"@id\":\"https:\/\/weekwise.com\/cookie-policy\/#primaryimage\"},\"thumbnailUrl\":\"https:\/\/weekwise.com\/wp-content\/uploads\/2023\/01\/Group-74.png\",\"datePublished\":\"2021-10-13T05:25:34+00:00\",\"dateModified\":\"2023-01-31T10:35:05+00:00\",\"description\":\"Cookie Policy of Weekwise, the resource management tool for agencies and teams. Applies to citizens and legal permanent residents of the EEA.\",\"breadcrumb\":{\"@id\":\"https:\/\/weekwise.com\/cookie-policy\/#breadcrumb\"},\"inLanguage\":\"cs\",\"potentialAction\":[{\"@type\":\"ReadAction\",\"target\":[\"https:\/\/weekwise.com\/cookie-policy\/\"]}]},{\"@type\":\"ImageObject\",\"inLanguage\":\"cs\",\"@id\":\"https:\/\/weekwise.com\/cookie-policy\/#primaryimage\",\"url\":\"https:\/\/weekwise.com\/wp-content\/uploads\/2023\/01\/Group-74.png\",\"contentUrl\":\"https:\/\/weekwise.com\/wp-content\/uploads\/2023\/01\/Group-74.png\"},{\"@type\":\"BreadcrumbList\",\"@id\":\"https:\/\/weekwise.com\/cookie-policy\/#breadcrumb\",\"itemListElement\":[{\"@type\":\"ListItem\",\"position\":1,\"name\":\"Home\",\"item\":\"https:\/\/weekwise.com\/\"},{\"@type\":\"ListItem\",\"position\":2,\"name\":\"Cookie Policy\"}]},{\"@type\":\"WebSite\",\"@id\":\"https:\/\/weekwise.com\/#website\",\"url\":\"https:\/\/weekwise.com\/\",\"name\":\"Weekwise\",\"description\":\"Resource Allocation Tool for Agencies\",\"publisher\":{\"@id\":\"https:\/\/weekwise.com\/#organization\"},\"potentialAction\":[{\"@type\":\"SearchAction\",\"target\":{\"@type\":\"EntryPoint\",\"urlTemplate\":\"https:\/\/weekwise.com\/?s={search_term_string}\"},\"query-input\":{\"@type\":\"PropertyValueSpecification\",\"valueRequired\":true,\"valueName\":\"search_term_string\"}}],\"inLanguage\":\"cs\"},{\"@type\":\"Organization\",\"@id\":\"https:\/\/weekwise.com\/#organization\",\"name\":\"Blocshop\",\"url\":\"https:\/\/weekwise.com\/\",\"logo\":{\"@type\":\"ImageObject\",\"inLanguage\":\"cs\",\"@id\":\"https:\/\/weekwise.com\/#\/schema\/logo\/image\/\",\"url\":\"https:\/\/weekwise.com\/wp-content\/uploads\/2021\/09\/WeekWise_-logo_dark.svg\",\"contentUrl\":\"https:\/\/weekwise.com\/wp-content\/uploads\/2021\/09\/WeekWise_-logo_dark.svg\",\"width\":56,\"height\":40,\"caption\":\"Blocshop\"},\"image\":{\"@id\":\"https:\/\/weekwise.com\/#\/schema\/logo\/image\/\"}}]}<\/script>\n<!-- \/ Yoast SEO plugin. -->","yoast_head_json":{"title":"Cookie Policy - Weekwise Resource Management Tool","description":"Cookie Policy of Weekwise, the resource management tool for agencies and teams. Applies to citizens and legal permanent residents of the EEA.","robots":{"index":"index","follow":"follow","max-snippet":"max-snippet:-1","max-image-preview":"max-image-preview:large","max-video-preview":"max-video-preview:-1"},"canonical":"https:\/\/weekwise.com\/cs\/cookie-policy\/","og_locale":"cs_CZ","og_type":"article","og_title":"Cookie Policy - Weekwise Resource Management Tool","og_description":"Cookie Policy of Weekwise, the resource management tool for agencies and teams. Applies to citizens and legal permanent residents of the EEA.","og_url":"https:\/\/weekwise.com\/cs\/cookie-policy\/","og_site_name":"Weekwise","article_modified_time":"2023-01-31T10:35:05+00:00","og_image":[{"url":"https:\/\/weekwise.com\/wp-content\/uploads\/2023\/01\/Group-74.png","type":"","width":"","height":""}],"twitter_card":"summary_large_image","twitter_misc":{"Odhadovan\u00e1 doba \u010dten\u00ed":"4 minuty"},"schema":{"@context":"https:\/\/schema.org","@graph":[{"@type":"WebPage","@id":"https:\/\/weekwise.com\/cookie-policy\/","url":"https:\/\/weekwise.com\/cookie-policy\/","name":"Cookie Policy - Weekwise Resource Management Tool","isPartOf":{"@id":"https:\/\/weekwise.com\/#website"},"primaryImageOfPage":{"@id":"https:\/\/weekwise.com\/cookie-policy\/#primaryimage"},"image":{"@id":"https:\/\/weekwise.com\/cookie-policy\/#primaryimage"},"thumbnailUrl":"https:\/\/weekwise.com\/wp-content\/uploads\/2023\/01\/Group-74.png","datePublished":"2021-10-13T05:25:34+00:00","dateModified":"2023-01-31T10:35:05+00:00","description":"Cookie Policy of Weekwise, the resource management tool for agencies and teams. Applies to citizens and legal permanent residents of the EEA.","breadcrumb":{"@id":"https:\/\/weekwise.com\/cookie-policy\/#breadcrumb"},"inLanguage":"cs","potentialAction":[{"@type":"ReadAction","target":["https:\/\/weekwise.com\/cookie-policy\/"]}]},{"@type":"ImageObject","inLanguage":"cs","@id":"https:\/\/weekwise.com\/cookie-policy\/#primaryimage","url":"https:\/\/weekwise.com\/wp-content\/uploads\/2023\/01\/Group-74.png","contentUrl":"https:\/\/weekwise.com\/wp-content\/uploads\/2023\/01\/Group-74.png"},{"@type":"BreadcrumbList","@id":"https:\/\/weekwise.com\/cookie-policy\/#breadcrumb","itemListElement":[{"@type":"ListItem","position":1,"name":"Home","item":"https:\/\/weekwise.com\/"},{"@type":"ListItem","position":2,"name":"Cookie Policy"}]},{"@type":"WebSite","@id":"https:\/\/weekwise.com\/#website","url":"https:\/\/weekwise.com\/","name":"Weekwise","description":"Resource Allocation Tool for Agencies","publisher":{"@id":"https:\/\/weekwise.com\/#organization"},"potentialAction":[{"@type":"SearchAction","target":{"@type":"EntryPoint","urlTemplate":"https:\/\/weekwise.com\/?s={search_term_string}"},"query-input":{"@type":"PropertyValueSpecification","valueRequired":true,"valueName":"search_term_string"}}],"inLanguage":"cs"},{"@type":"Organization","@id":"https:\/\/weekwise.com\/#organization","name":"Blocshop","url":"https:\/\/weekwise.com\/","logo":{"@type":"ImageObject","inLanguage":"cs","@id":"https:\/\/weekwise.com\/#\/schema\/logo\/image\/","url":"https:\/\/weekwise.com\/wp-content\/uploads\/2021\/09\/WeekWise_-logo_dark.svg","contentUrl":"https:\/\/weekwise.com\/wp-content\/uploads\/2021\/09\/WeekWise_-logo_dark.svg","width":56,"height":40,"caption":"Blocshop"},"image":{"@id":"https:\/\/weekwise.com\/#\/schema\/logo\/image\/"}}]}},"_links":{"self":[{"href":"https:\/\/weekwise.com\/cs\/wp-json\/wp\/v2\/pages\/1193","targetHints":{"allow":["GET"]}}],"collection":[{"href":"https:\/\/weekwise.com\/cs\/wp-json\/wp\/v2\/pages"}],"about":[{"href":"https:\/\/weekwise.com\/cs\/wp-json\/wp\/v2\/types\/page"}],"author":[{"embeddable":true,"href":"https:\/\/weekwise.com\/cs\/wp-json\/wp\/v2\/users\/1"}],"replies":[{"embeddable":true,"href":"https:\/\/weekwise.com\/cs\/wp-json\/wp\/v2\/comments?post=1193"}],"version-history":[{"count":46,"href":"https:\/\/weekwise.com\/cs\/wp-json\/wp\/v2\/pages\/1193\/revisions"}],"predecessor-version":[{"id":2675,"href":"https:\/\/weekwise.com\/cs\/wp-json\/wp\/v2\/pages\/1193\/revisions\/2675"}],"wp:attachment":[{"href":"https:\/\/weekwise.com\/cs\/wp-json\/wp\/v2\/media?parent=1193"}],"curies":[{"name":"wp","href":"https:\/\/api.w.org\/{rel}","templated":true}]}}